{"id":134,"date":"2013-01-29T12:41:57","date_gmt":"2013-01-29T10:41:57","guid":{"rendered":"http:\/\/www.karwenka.at\/?page_id=134"},"modified":"2019-02-15T11:04:59","modified_gmt":"2019-02-15T09:04:59","slug":"kontakt","status":"publish","type":"page","link":"http:\/\/www.karwenka.at\/?page_id=134","title":{"rendered":"Kontakt"},"content":{"rendered":"<h3><strong>Obmann Walter Steinlechner<\/strong><br \/>\nAltmahd 24<br \/>\n6134 Vomp<br \/>\n\u00d6STERREICH<br \/>\nTel: 05242\/73723<br \/>\nTel mobil: 0664\/4308390<br \/>\nE-Mail:\u00a0<a href=\"mailto:walter.steinlechner@aon.at\">walter.steinlechner@aon.at<\/a>\u00a0oder\u00a0<a href=\"mailto:karwenka@gmx.at\">karwenka@gmx.at<\/a><\/h3>\n<h3><strong>KARWENKA-Fanclub<\/strong><br \/>\nMichael Dag<br \/>\nDrei-Grafen-Stra\u00dfe 59<br \/>\n6323 Bad H\u00e4ring<br \/>\n\u00d6STERREICH<br \/>\nE-Mail: <a href=\"karwenka-fanclub@gmx.at\">karwenka-fanclub@gmx.at<\/a><\/h3>\n<p>&nbsp;<\/p>\n","protected":false},"excerpt":{"rendered":"<p>Obmann Walter Steinlechner Altmahd 24 6134 Vomp \u00d6STERREICH Tel: 05242\/73723 Tel mobil: 0664\/4308390 E-Mail:\u00a0walter.steinlechner@aon.at\u00a0oder\u00a0karwenka@gmx.at KARWENKA-Fanclub Michael Dag Drei-Grafen-Stra\u00dfe 59 6323 Bad H\u00e4ring \u00d6STERREICH E-Mail: karwenka-fanclub@gmx.at &nbsp;<\/p>\n","protected":false},"author":1,"featured_media":0,"parent":0,"menu_order":0,"comment_status":"closed","ping_status":"open","template":"","meta":{"footnotes":""},"_links":{"self":[{"href":"http:\/\/www.karwenka.at\/index.php?rest_route=\/wp\/v2\/pages\/134"}],"collection":[{"href":"http:\/\/www.karwenka.at\/index.php?rest_route=\/wp\/v2\/pages"}],"about":[{"href":"http:\/\/www.karwenka.at\/index.php?rest_route=\/wp\/v2\/types\/page"}],"author":[{"embeddable":true,"href":"http:\/\/www.karwenka.at\/index.php?rest_route=\/wp\/v2\/users\/1"}],"replies":[{"embeddable":true,"href":"http:\/\/www.karwenka.at\/index.php?rest_route=%2Fwp%2Fv2%2Fcomments&post=134"}],"version-history":[{"count":19,"href":"http:\/\/www.karwenka.at\/index.php?rest_route=\/wp\/v2\/pages\/134\/revisions"}],"predecessor-version":[{"id":790,"href":"http:\/\/www.karwenka.at\/index.php?rest_route=\/wp\/v2\/pages\/134\/revisions\/790"}],"wp:attachment":[{"href":"http:\/\/www.karwenka.at\/index.php?rest_route=%2Fwp%2Fv2%2Fmedia&parent=134"}],"curies":[{"name":"wp","href":"https:\/\/api.w.org\/{rel}","templated":true}]}}