{"id":524,"date":"2015-01-20T13:05:22","date_gmt":"2015-01-20T11:05:22","guid":{"rendered":"http:\/\/www.karwenka.at\/?page_id=524"},"modified":"2016-05-19T11:04:21","modified_gmt":"2016-05-19T09:04:21","slug":"erfolge","status":"publish","type":"page","link":"http:\/\/www.karwenka.at\/?page_id=524","title":{"rendered":"Erfolge"},"content":{"rendered":"<p><strong>17. Offizielle Europameisterschaft des internationalen Blasmusikverbandes f\u00fcr b\u00f6hmische und m\u00e4hrische Blasmusik,<br \/>\nBrand-Nagelberg 2016<\/strong><\/p>\n<ol>\n<li>Platz\/Europameister in der Oberstufe\n<p>\r\n<a href=\"http:\/\/www.karwenka.at\/wp-content\/gallery\/em-2016\/p1370495.jpg\" title=\"\" class=\"shutterset_singlepic207\" >\r\n\t<img decoding=\"async\" class=\"ngg-singlepic\" src=\"http:\/\/www.karwenka.at\/wp-content\/gallery\/cache\/207__x_p1370495.jpg\" alt=\"p1370495\" title=\"p1370495\" \/>\r\n<\/a>\r\n<\/li>\n<\/ol>\n<p><strong>4. S\u00fcdtiroler Festival der b\u00f6hmischen und m\u00e4hrischen Blasmusik, M\u00fchlbach 2014<\/strong><\/p>\n<p>1. Platz beim Wettbewerb in der Oberstufe und Festival-Gesamtsieg<\/p>\n\r\n<a href=\"http:\/\/www.karwenka.at\/wp-content\/gallery\/suedtiroler-festival-2014\/muehlbach2.jpg\" title=\"\" class=\"shutterset_singlepic176\" >\r\n\t<img decoding=\"async\" class=\"ngg-singlepic\" src=\"http:\/\/www.karwenka.at\/wp-content\/gallery\/cache\/176__x_muehlbach2.jpg\" alt=\"muehlbach2\" title=\"muehlbach2\" \/>\r\n<\/a>\r\n\n<p><strong>15. Offizielle Europameisterschaft des internationalen Blasmusikverbandes f\u00fcr b\u00f6hmische und m\u00e4hrische Blasmusik, Ried\/Innkreis 2014<\/strong><\/p>\n<p>2. Platz\/Vize Europameister in der Oberstufe<\/p>\n\r\n<a href=\"http:\/\/www.karwenka.at\/wp-content\/gallery\/em-2014\/karwenka-191.jpg\" title=\"\" class=\"shutterset_singlepic166\" >\r\n\t<img decoding=\"async\" class=\"ngg-singlepic\" src=\"http:\/\/www.karwenka.at\/wp-content\/gallery\/cache\/166__x_karwenka-191.jpg\" alt=\"karwenka-191\" title=\"karwenka-191\" \/>\r\n<\/a>\r\n\n<p><strong>1. S\u00fcdtiroler Festival der b\u00f6hmischen und m\u00e4hrischen Blasmusik, M\u00fchlbach 2008<\/strong><\/p>\n<p>2. Platz beim Wettbewerb in der Oberstufe<\/p>\n\r\n<a href=\"http:\/\/www.karwenka.at\/wp-content\/gallery\/historisches\/muehlbach2008.png\" title=\"\" class=\"shutterset_singlepic194\" >\r\n\t<img decoding=\"async\" class=\"ngg-singlepic\" src=\"http:\/\/www.karwenka.at\/wp-content\/gallery\/cache\/194__x_muehlbach2008.png\" alt=\"muehlbach2008\" title=\"muehlbach2008\" \/>\r\n<\/a>\r\n\n<p><strong>Pitztaler Klangwolke, Jerzens 2003<\/strong><\/p>\n<p>1. Platz beim Wettbewerb f\u00fcr b\u00f6hmische und m\u00e4hrische Blasmusik in der Oberstufe<\/p>\n\r\n<a href=\"http:\/\/www.karwenka.at\/wp-content\/gallery\/historisches\/wettbewerb.png\" title=\"\" class=\"shutterset_singlepic190\" >\r\n\t<img decoding=\"async\" class=\"ngg-singlepic\" src=\"http:\/\/www.karwenka.at\/wp-content\/gallery\/cache\/190__x_wettbewerb.png\" alt=\"wettbewerb\" title=\"wettbewerb\" \/>\r\n<\/a>\r\n\n","protected":false},"excerpt":{"rendered":"<p>17. Offizielle Europameisterschaft des internationalen Blasmusikverbandes f\u00fcr b\u00f6hmische und m\u00e4hrische Blasmusik, Brand-Nagelberg 2016 Platz\/Europameister in der Oberstufe 4. S\u00fcdtiroler Festival der b\u00f6hmischen und m\u00e4hrischen Blasmusik, M\u00fchlbach 2014 1. Platz beim Wettbewerb in der Oberstufe und Festival-Gesamtsieg 15. Offizielle Europameisterschaft des internationalen Blasmusikverbandes f\u00fcr b\u00f6hmische und m\u00e4hrische Blasmusik, Ried\/Innkreis 2014 2. Platz\/Vize Europameister in der Oberstufe &hellip; <\/p>\n<p><a class=\"more-link btn\" href=\"http:\/\/www.karwenka.at\/?page_id=524\">Weiterlesen<\/a><\/p>\n","protected":false},"author":1,"featured_media":0,"parent":0,"menu_order":0,"comment_status":"closed","ping_status":"open","template":"","meta":{"footnotes":""},"_links":{"self":[{"href":"http:\/\/www.karwenka.at\/index.php?rest_route=\/wp\/v2\/pages\/524"}],"collection":[{"href":"http:\/\/www.karwenka.at\/index.php?rest_route=\/wp\/v2\/pages"}],"about":[{"href":"http:\/\/www.karwenka.at\/index.php?rest_route=\/wp\/v2\/types\/page"}],"author":[{"embeddable":true,"href":"http:\/\/www.karwenka.at\/index.php?rest_route=\/wp\/v2\/users\/1"}],"replies":[{"embeddable":true,"href":"http:\/\/www.karwenka.at\/index.php?rest_route=%2Fwp%2Fv2%2Fcomments&post=524"}],"version-history":[{"count":6,"href":"http:\/\/www.karwenka.at\/index.php?rest_route=\/wp\/v2\/pages\/524\/revisions"}],"predecessor-version":[{"id":633,"href":"http:\/\/www.karwenka.at\/index.php?rest_route=\/wp\/v2\/pages\/524\/revisions\/633"}],"wp:attachment":[{"href":"http:\/\/www.karwenka.at\/index.php?rest_route=%2Fwp%2Fv2%2Fmedia&parent=524"}],"curies":[{"name":"wp","href":"https:\/\/api.w.org\/{rel}","templated":true}]}}