{"id":670,"date":"2017-04-18T11:31:37","date_gmt":"2017-04-18T09:31:37","guid":{"rendered":"http:\/\/www.karwenka.at\/?page_id=670"},"modified":"2023-02-02T15:49:46","modified_gmt":"2023-02-02T13:49:46","slug":"leckerbissen","status":"publish","type":"page","link":"http:\/\/www.karwenka.at\/?page_id=670","title":{"rendered":"Leckerbissen"},"content":{"rendered":"<p>Bestellung mit Name und Adresse bitte per E-Mail an karwenka@gmx.at, Zahlung per Vorauskasse (Kontoverbindung folgt im Best\u00e4tigungsmail), Preis: Euro 15,00 + Versand\/Verpackung<\/p>\n<table border=\"0\">\n<tbody>\n<tr>\n<td style=\"text-align: left\">\u00a0 \u00a0 \u00a0<span style=\"color: #333333;font-family: Georgia, 'Times New Roman', 'Bitstream Charter', Times, serif;font-size: 13px;line-height: 19px\">\r\n<a href=\"http:\/\/www.karwenka.at\/wp-content\/gallery\/cdcover\/leckerbissen.jpg\" title=\"\" class=\"shutterset_singlepic227\" >\r\n\t<img decoding=\"async\" class=\"ngg-singlepic ngg-left\" src=\"http:\/\/www.karwenka.at\/wp-content\/gallery\/cache\/227__320x240_leckerbissen.jpg\" alt=\"leckerbissen\" title=\"leckerbissen\" \/>\r\n<\/a>\r\n<\/span><\/td>\n<td>Gru\u00df an \u00d6sterreich<br \/>\nB\u00f6hmische Liebe<br \/>\nFranz und Matthias<br \/>\nIm Zauberland<br \/>\nTenorhorngefl\u00fcster<br \/>\nThe Flight Of The Bumble Bee<br \/>\nQuadro Nuevo<br \/>\nSaving All My Love For You<br \/>\nLeckerbissen<br \/>\nDas goldene Fl\u00fcgelhorn<br \/>\nKill Bill &#8211; Green Hornet<br \/>\nUnchain My Heart<br \/>\nZanynka-Polka<br \/>\nVon Freund zu Freund<\/td>\n<\/tr>\n<\/tbody>\n<\/table>\n<p>Auch digital erh\u00e4ltlich!<\/p>\n<p><a href=\"https:\/\/itunes.apple.com\/at\/album\/leckerbissen\/id1235158766\" target=\"_blank\" rel=\"noopener noreferrer\">Digitaler Download<\/a><\/p>\n","protected":false},"excerpt":{"rendered":"<p>Bestellung mit Name und Adresse bitte per E-Mail an karwenka@gmx.at, Zahlung per Vorauskasse (Kontoverbindung folgt im Best\u00e4tigungsmail), Preis: Euro 15,00 + Versand\/Verpackung \u00a0 \u00a0 \u00a0 Gru\u00df an \u00d6sterreich B\u00f6hmische Liebe Franz und Matthias Im Zauberland Tenorhorngefl\u00fcster The Flight Of The Bumble Bee Quadro Nuevo Saving All My Love For You Leckerbissen Das goldene Fl\u00fcgelhorn Kill &hellip; <\/p>\n<p><a class=\"more-link btn\" href=\"http:\/\/www.karwenka.at\/?page_id=670\">Weiterlesen<\/a><\/p>\n","protected":false},"author":1,"featured_media":0,"parent":40,"menu_order":0,"comment_status":"closed","ping_status":"closed","template":"","meta":{"footnotes":""},"_links":{"self":[{"href":"http:\/\/www.karwenka.at\/index.php?rest_route=\/wp\/v2\/pages\/670"}],"collection":[{"href":"http:\/\/www.karwenka.at\/index.php?rest_route=\/wp\/v2\/pages"}],"about":[{"href":"http:\/\/www.karwenka.at\/index.php?rest_route=\/wp\/v2\/types\/page"}],"author":[{"embeddable":true,"href":"http:\/\/www.karwenka.at\/index.php?rest_route=\/wp\/v2\/users\/1"}],"replies":[{"embeddable":true,"href":"http:\/\/www.karwenka.at\/index.php?rest_route=%2Fwp%2Fv2%2Fcomments&post=670"}],"version-history":[{"count":7,"href":"http:\/\/www.karwenka.at\/index.php?rest_route=\/wp\/v2\/pages\/670\/revisions"}],"predecessor-version":[{"id":983,"href":"http:\/\/www.karwenka.at\/index.php?rest_route=\/wp\/v2\/pages\/670\/revisions\/983"}],"up":[{"embeddable":true,"href":"http:\/\/www.karwenka.at\/index.php?rest_route=\/wp\/v2\/pages\/40"}],"wp:attachment":[{"href":"http:\/\/www.karwenka.at\/index.php?rest_route=%2Fwp%2Fv2%2Fmedia&parent=670"}],"curies":[{"name":"wp","href":"https:\/\/api.w.org\/{rel}","templated":true}]}}